{"id":187307,"date":"2025-01-28T11:41:30","date_gmt":"2025-01-28T10:41:30","guid":{"rendered":"https:\/\/arlettipartners.com\/politique-de-confidentialite-formulaire-obtenir-un-devis\/"},"modified":"2025-01-29T12:02:33","modified_gmt":"2025-01-29T11:02:33","slug":"politique-de-confidentialite-formulaire-obtenir-un-devis","status":"publish","type":"page","link":"https:\/\/arlettipartners.com\/fr\/politique-de-confidentialite-formulaire-obtenir-un-devis\/","title":{"rendered":"Politique de Confidentialit\u00e9 &#8211; Formulaire \u00ab Obtenir un devis \u00bb"},"content":{"rendered":"\n<p><em>Informations conform\u00e9ment \u00e0 l\u2019article 13 du R\u00e8glement G\u00e9n\u00e9ral sur la Protection des Donn\u00e9es<\/em><\/p>\n\n<h2 class=\"wp-block-heading\" id=\"h-titolare-del-trattamento\">Contr\u00f4leur des Donn\u00e9es<\/h2>\n\n<figure class=\"wp-block-table\"><table class=\"has-fixed-layout\"><tbody><tr><td><strong>Nom de l\u2019entreprise<\/strong><\/td><td colspan=\"2\"><strong>Dott. Arletti Alessandro<\/strong>\u00a0<\/td><\/tr><tr><td><strong>Si\u00e8ge social<\/strong><\/td><td colspan=\"2\">Corso Cavour, 38 \u2013 41121 Modena (MO), Italie<\/td><\/tr><tr><td><strong>Num\u00e9ro de t\u00e9l\u00e9phone et adresse e-mail<\/strong><\/td><td>+39 02 30456361\u00a0<\/td><td><a href=\"mailto:info@arlettipartners.com\" target=\"_blank\" rel=\"noreferrer noopener\">info@arlettipartners.com<\/a><em>\u00a0<\/em>\u00a0<\/td><\/tr><tr><td><strong>D\u00e9l\u00e9gu\u00e9 \u00e0 la Protection des Donn\u00e9es<\/strong><\/td><td colspan=\"2\"><a href=\"mailto:rpd@formulaprivacy.it\" target=\"_blank\" rel=\"noreferrer noopener\">rpd@formulaprivacy.it<\/a><em>\u00a0<\/em>\u00a0<\/td><\/tr><\/tbody><\/table><\/figure>\n\n<h2 class=\"wp-block-heading\" id=\"h-finalita-del-trattamento\">Finalit\u00e9 du Traitement<\/h2>\n\n<figure class=\"wp-block-table\"><table class=\"has-fixed-layout\"><tbody><tr><td><strong>Fournir les informations requises<\/strong><\/td><td>Fournir le devis demand\u00e9 en remplissant le formulaire de collecte de donn\u00e9es appropri\u00e9 sur le site web. <\/td><\/tr><\/tbody><\/table><\/figure>\n\n<h2 class=\"wp-block-heading\" id=\"h-base-giuridica-del-trattamento\">Base juridique pour le Traitement<\/h2>\n\n<figure class=\"wp-block-table\"><table class=\"has-fixed-layout\"><tbody><tr><td><strong>Fournir le devis demand\u00e9<\/strong><\/td><td>Les mesures pr\u00e9contractuelles.<\/td><\/tr><\/tbody><\/table><\/figure>\n\n<h2 class=\"wp-block-heading\" id=\"h-dati-personali-oggetto-di-trattamento\">Donn\u00e9es Personnelles faisant l&#8217;objet du Traitement<\/h2>\n\n<figure class=\"wp-block-table\"><table class=\"has-fixed-layout\"><tbody><tr><td><strong>Fournir le devis demand\u00e9<\/strong><\/td><td>Donn\u00e9es personnelles, coordonn\u00e9es, service concern\u00e9 et toutes les donn\u00e9es n\u00e9cessaires pour fournir le devis demand\u00e9. <\/td><\/tr><\/tbody><\/table><\/figure>\n\n<h2 class=\"wp-block-heading\" id=\"h-periodo-di-conservazione-dei-dati-personali\">P\u00e9riode de Conservation des Donn\u00e9es Personnel<\/h2>\n\n<figure class=\"wp-block-table\"><table class=\"has-fixed-layout\"><tbody><tr><td><strong>Fournir le devis demand\u00e9<\/strong><\/td><td>Les donn\u00e9es seront conserv\u00e9es pendant une p\u00e9riode n&#8217;exc\u00e9dant pas la r\u00e9alisation de l&#8217;objectif d\u00e9fini au paragraphe 2.1, et donc en fonction des crit\u00e8res suivants :&#13;\n<ul>&#13;\n \t<li>la n\u00e9cessit\u00e9 de fournir le devis ;<\/li>&#13;\n \t<li>pas plus de six mois apr\u00e8s la fourniture du devis (dans le cas o\u00f9 le contrat n&#8217;est pas conclu).<\/li>&#13;\n<\/ul><\/td><\/tr><\/tbody><\/table><\/figure>\n\n<h2 class=\"wp-block-heading\" id=\"h-obbligatorieta-del-conferimento-dei-dati\">Obligation de fournir les Donn\u00e9es<\/h2>\n\n<figure class=\"wp-block-table\"><table class=\"has-fixed-layout\"><tbody><tr><td><strong>Fournir le devis demand\u00e9<\/strong><\/td><td>La fourniture de donn\u00e9es est n\u00e9cessaire. Sans elles, nous ne serons pas en mesure de fournir le devis demand\u00e9. <\/td><\/tr><\/tbody><\/table><\/figure>\n\n<h2 class=\"wp-block-heading\" id=\"h-destinatari-dei-dati\">Destinataires des Donn\u00e9es<\/h2>\n\n<figure class=\"wp-block-table\"><table class=\"has-fixed-layout\"><tbody><tr><td><strong>Autoris\u00e9s \u00e0 traiter<\/strong><\/td><td>Dans la mesure o\u00f9 elles sont pertinentes pour les finalit\u00e9s de traitement susmentionn\u00e9es, les donn\u00e9es peuvent \u00eatre divulgu\u00e9es au personnel interne express\u00e9ment autoris\u00e9 et charg\u00e9 de traiter les donn\u00e9es. <\/td><\/tr><tr><td><strong>Responsables du traitement<\/strong><\/td><td>Dans la mesure o\u00f9 elles sont pertinentes pour les finalit\u00e9s de traitement susmentionn\u00e9es, les donn\u00e9es peuvent \u00eatre communiqu\u00e9es \u00e0 des prestataires de services fonctionnels pour le traitement, d\u00e9sign\u00e9s comme responsables du traitement des donn\u00e9es et ayant re\u00e7u des instructions coh\u00e9rentes, comme par exemple :&#13;\n<ul>&#13;\n \t<li>le fournisseur du service d\u2019agence web ;<\/li>&#13;\n \t<li>le fournisseur du service de courrier \u00e9lectronique.<\/li>&#13;\n<\/ul><\/td><\/tr><tr><td><strong>Contr\u00f4leurs des donn\u00e9es<\/strong><\/td><td>Les donn\u00e9es peuvent \u00eatre communiqu\u00e9es aux autorit\u00e9s publiques conform\u00e9ment \u00e0 la l\u00e9gislation applicable. <\/td><\/tr><\/tbody><\/table><\/figure>\n\n<h2 class=\"wp-block-heading\" id=\"h-diffusione-e-trasferimento-dei-dati\">Diffusion et Transfert des Donn\u00e9es<\/h2>\n\n<figure class=\"wp-block-table\"><table class=\"has-fixed-layout\"><tbody><tr><td><strong>Diffusion des donn\u00e9es<\/strong><\/td><td>Les donn\u00e9es ne seront pas diffus\u00e9es.<\/td><\/tr><tr><td><strong>Transfert extra-UE<\/strong><\/td><td>Aucune donn\u00e9e ne sera transf\u00e9r\u00e9e vers des pays non europ\u00e9ens. <\/td><\/tr><\/tbody><\/table><\/figure>\n\n<h2 class=\"wp-block-heading\" id=\"h-diritti-degli-interessati-al-trattamento-di-dati-personali\">Droits des Personnes Concern\u00e9es par le Traitement des Donn\u00e9es Personnelles<\/h2>\n\n<figure class=\"wp-block-table\"><table class=\"has-fixed-layout\"><tbody><tr><td><strong>Droit d\u2019acc\u00e8s (Art. 15 GDPR)<\/strong><\/td><td>Vous pouvez demander la confirmation que des donn\u00e9es vous concernant sont ou ne sont pas trait\u00e9es, ainsi que des pr\u00e9cisions sur les informations contenues dans le pr\u00e9sent avis, et recevoir les donn\u00e9es elles-m\u00eames, \u00e0 moins que leur restitution ne porte atteinte aux droits et libert\u00e9s d&#8217;autrui. <\/td><\/tr><tr><td><strong>Droit de rectification (Art. 16 GDPR)<\/strong><\/td><td>Vous pouvez demander que nous rectifiions ou compl\u00e9tions les donn\u00e9es que vous avez fournies ou qui sont en notre possession si elles sont inexactes. <\/td><\/tr><tr><td><strong>Droit d\u2019annulation (Art. 17 GDPR)<\/strong><\/td><td>Vous pouvez demander que les donn\u00e9es acquises ou trait\u00e9es soient effac\u00e9es. <\/td><\/tr><tr><td><strong>Droit de prescription (Art. 18 GDPR)<\/strong><\/td><td>Vous pouvez demander la limitation du traitement des donn\u00e9es \u00e0 caract\u00e8re personnel ; dans ce cas, les donn\u00e9es ne seront pas trait\u00e9es, \u00e0 l&#8217;exception de la conservation, sans votre consentement, sauf dans les cas explicitement pr\u00e9vus dans le m\u00eame article \u00e0 la section 2. <\/td><\/tr><tr><td><strong>Droit \u00e0 la portabilit\u00e9 (Art. 20 GDPR)<\/strong><\/td><td>Vous pouvez demander \u00e0 recevoir les donn\u00e9es, ou \u00e0 les faire transmettre \u00e0 un autre responsable du traitement d\u00e9sign\u00e9, dans un format structur\u00e9, couramment utilis\u00e9 et lisible par machine. <\/td><\/tr><tr><td><strong>Droit d\u2019opposition (Art. 21 GDPR)<\/strong><\/td><td>Vous pouvez vous opposer \u00e0 tout moment au traitement des donn\u00e9es sur la base d&#8217;un int\u00e9r\u00eat l\u00e9gitime, \u00e0 moins qu&#8217;il existe des motifs l\u00e9gitimes de traitement qui pr\u00e9valent sur vos droits, par exemple pour l&#8217;exercice ou la d\u00e9fense de nos droits en justice ; l&#8217;opposition pr\u00e9vaudra toujours sur notre int\u00e9r\u00eat l\u00e9gitime \u00e0 traiter les donn\u00e9es \u00e0 des fins de marketing. <\/td><\/tr><tr><td><strong>Droit de ne pas faire l\u2019objet d\u2019une prise de d\u00e9cision automatis\u00e9e (Art. 22 GDPR)<\/strong><\/td><td>Vous pouvez demander \u00e0 ne pas \u00eatre soumis \u00e0 un processus de prise de d\u00e9cision automatis\u00e9 ou m\u00eame bas\u00e9 sur le profilage. <\/td><\/tr><\/tbody><\/table><\/figure>\n\n<h2 class=\"wp-block-heading\" id=\"h-reclamo-all-autorita-di-controllo\">Plainte aupr\u00e8s de l&#8217;Autorit\u00e9 de contr\u00f4le<\/h2>\n\n<figure class=\"wp-block-table\"><table class=\"has-fixed-layout\"><tbody><tr><td><strong>Droit de r\u00e9clamation (Art. 77 GDPR)<\/strong><\/td><td colspan=\"2\">Vous pouvez d\u00e9poser une plainte aupr\u00e8s de l\u2019autorit\u00e9 de contr\u00f4le de l\u2019\u00c9tat membre dans lequel vous r\u00e9sidez habituellement, travaillez ou dans lequel l\u2019infraction pr\u00e9sum\u00e9e a \u00e9t\u00e9 commise.<\/td><\/tr><tr><td><strong>Autorit\u00e9 de contr\u00f4le italienne<\/strong><\/td><td colspan=\"2\">Autorit\u00e9 de Protection des Donn\u00e9es (&#8220;Garante per la Protezione dei Dati Personali&#8221;)<\/td><\/tr><tr><td><strong>Adresse postale et adresse \u00e9lectronique<\/strong><\/td><td>Piazza Venezia, 11 \u2013 00187 Rome (RM), Italie<\/td><td><a href=\"mailto:protocollo@pec.gdpd.it\" target=\"_blank\" rel=\"noreferrer noopener\">protocollo@pec.gdpd.it<\/a><em>\u00a0<\/em>\u00a0<\/td><\/tr><\/tbody><\/table><\/figure>\n\n<h2 class=\"wp-block-heading\" id=\"h-processo-decisionale-automatizzato-compresa-la-profilazione\">Prise de D\u00e9cision Automatis\u00e9e, y compris le Profilage<\/h2>\n\n<figure class=\"wp-block-table\"><table class=\"has-fixed-layout\"><tbody><tr><td><strong>Fournir le devis demand\u00e9<\/strong><\/td><td>Il n&#8217;y a pas de processus de prise de d\u00e9cision automatis\u00e9, y compris le profilage. <\/td><\/tr><\/tbody><\/table><\/figure>\n\n<p><\/p>\n","protected":false},"excerpt":{"rendered":"<p>Informations conform\u00e9ment \u00e0 l\u2019article 13 du R\u00e8glement G\u00e9n\u00e9ral sur la Protection des Donn\u00e9es Contr\u00f4leur des Donn\u00e9es Nom de l\u2019entreprise Dott. Arletti Alessandro\u00a0 Si\u00e8ge social Corso Cavour, 38 \u2013 41121 Modena [&hellip;]<\/p>\n","protected":false},"author":1,"featured_media":0,"parent":0,"menu_order":0,"comment_status":"closed","ping_status":"closed","template":"","meta":{"_acf_changed":false,"footnotes":""},"country":[],"container":[],"class_list":["post-187307","page","type-page","status-publish","hentry"],"acf":[],"yoast_head":"<!-- This site is optimized with the Yoast SEO Premium plugin v27.3 (Yoast SEO v27.4) - https:\/\/yoast.com\/product\/yoast-seo-premium-wordpress\/ -->\n<title>Politique de Confidentialit\u00e9 - Formulaire \u00ab Obtenir un devis \u00bb - Arletti Partners<\/title>\n<meta name=\"robots\" content=\"noindex, nofollow\" \/>\n<meta property=\"og:locale\" content=\"fr_FR\" \/>\n<meta property=\"og:type\" content=\"article\" \/>\n<meta property=\"og:title\" content=\"Politique de Confidentialit\u00e9 - Formulaire \u00ab Obtenir un devis \u00bb\" \/>\n<meta property=\"og:description\" content=\"Informations conform\u00e9ment \u00e0 l\u2019article 13 du R\u00e8glement G\u00e9n\u00e9ral sur la Protection des Donn\u00e9es Contr\u00f4leur des Donn\u00e9es Nom de l\u2019entrepriseDott. Arletti\" \/>\n<meta property=\"og:url\" content=\"https:\/\/arlettipartners.com\/fr\/politique-de-confidentialite-formulaire-obtenir-un-devis\/\" \/>\n<meta property=\"og:site_name\" content=\"Arletti Partners\" \/>\n<meta property=\"article:publisher\" content=\"https:\/\/www.facebook.com\/ArlettiPartners\" \/>\n<meta property=\"article:modified_time\" content=\"2025-01-29T11:02:33+00:00\" \/>\n<meta name=\"twitter:card\" content=\"summary_large_image\" \/>\n<meta name=\"twitter:label1\" content=\"Dur\u00e9e de lecture estim\u00e9e\" \/>\n\t<meta name=\"twitter:data1\" content=\"4 minutes\" \/>\n<script type=\"application\/ld+json\" class=\"yoast-schema-graph\">{\"@context\":\"https:\\\/\\\/schema.org\",\"@graph\":[{\"@type\":\"WebPage\",\"@id\":\"https:\\\/\\\/arlettipartners.com\\\/fr\\\/politique-de-confidentialite-formulaire-obtenir-un-devis\\\/\",\"url\":\"https:\\\/\\\/arlettipartners.com\\\/fr\\\/politique-de-confidentialite-formulaire-obtenir-un-devis\\\/\",\"name\":\"Politique de Confidentialit\u00e9 - Formulaire \u00ab Obtenir un devis \u00bb - Arletti Partners\",\"isPartOf\":{\"@id\":\"https:\\\/\\\/arlettipartners.com\\\/fr\\\/#website\"},\"datePublished\":\"2025-01-28T10:41:30+00:00\",\"dateModified\":\"2025-01-29T11:02:33+00:00\",\"breadcrumb\":{\"@id\":\"https:\\\/\\\/arlettipartners.com\\\/fr\\\/politique-de-confidentialite-formulaire-obtenir-un-devis\\\/#breadcrumb\"},\"inLanguage\":\"fr-FR\",\"potentialAction\":[{\"@type\":\"ReadAction\",\"target\":[\"https:\\\/\\\/arlettipartners.com\\\/fr\\\/politique-de-confidentialite-formulaire-obtenir-un-devis\\\/\"]}]},{\"@type\":\"BreadcrumbList\",\"@id\":\"https:\\\/\\\/arlettipartners.com\\\/fr\\\/politique-de-confidentialite-formulaire-obtenir-un-devis\\\/#breadcrumb\",\"itemListElement\":[{\"@type\":\"ListItem\",\"position\":1,\"name\":\"Home\",\"item\":\"https:\\\/\\\/arlettipartners.com\\\/fr\\\/\"},{\"@type\":\"ListItem\",\"position\":2,\"name\":\"Politique de Confidentialit\u00e9 &#8211; Formulaire \u00ab Obtenir un devis \u00bb\"}]},{\"@type\":\"WebSite\",\"@id\":\"https:\\\/\\\/arlettipartners.com\\\/fr\\\/#website\",\"url\":\"https:\\\/\\\/arlettipartners.com\\\/fr\\\/\",\"name\":\"Arletti Partners\",\"description\":\"Tax Advisors and Global Mobility Specialists\",\"publisher\":{\"@id\":\"https:\\\/\\\/arlettipartners.com\\\/fr\\\/#organization\"},\"potentialAction\":[{\"@type\":\"SearchAction\",\"target\":{\"@type\":\"EntryPoint\",\"urlTemplate\":\"https:\\\/\\\/arlettipartners.com\\\/fr\\\/?s={search_term_string}\"},\"query-input\":{\"@type\":\"PropertyValueSpecification\",\"valueRequired\":true,\"valueName\":\"search_term_string\"}}],\"inLanguage\":\"fr-FR\"},{\"@type\":\"Organization\",\"@id\":\"https:\\\/\\\/arlettipartners.com\\\/fr\\\/#organization\",\"name\":\"Arletti & Partners\",\"url\":\"https:\\\/\\\/arlettipartners.com\\\/fr\\\/\",\"logo\":{\"@type\":\"ImageObject\",\"inLanguage\":\"fr-FR\",\"@id\":\"https:\\\/\\\/arlettipartners.com\\\/fr\\\/#\\\/schema\\\/logo\\\/image\\\/\",\"url\":\"https:\\\/\\\/arlettipartners.com\\\/wp-content\\\/uploads\\\/2022\\\/03\\\/logo.png.nuovo_.nero_.png\",\"contentUrl\":\"https:\\\/\\\/arlettipartners.com\\\/wp-content\\\/uploads\\\/2022\\\/03\\\/logo.png.nuovo_.nero_.png\",\"width\":150,\"height\":32,\"caption\":\"Arletti & Partners\"},\"image\":{\"@id\":\"https:\\\/\\\/arlettipartners.com\\\/fr\\\/#\\\/schema\\\/logo\\\/image\\\/\"},\"sameAs\":[\"https:\\\/\\\/www.facebook.com\\\/ArlettiPartners\",\"https:\\\/\\\/www.linkedin.com\\\/company\\\/aampp---arletti-amp-partners\\\/\"]}]}<\/script>\n<!-- \/ Yoast SEO Premium plugin. -->","yoast_head_json":{"title":"Politique de Confidentialit\u00e9 - Formulaire \u00ab Obtenir un devis \u00bb - Arletti Partners","robots":{"index":"noindex","follow":"nofollow"},"og_locale":"fr_FR","og_type":"article","og_title":"Politique de Confidentialit\u00e9 - Formulaire \u00ab Obtenir un devis \u00bb","og_description":"Informations conform\u00e9ment \u00e0 l\u2019article 13 du R\u00e8glement G\u00e9n\u00e9ral sur la Protection des Donn\u00e9es Contr\u00f4leur des Donn\u00e9es Nom de l\u2019entrepriseDott. Arletti","og_url":"https:\/\/arlettipartners.com\/fr\/politique-de-confidentialite-formulaire-obtenir-un-devis\/","og_site_name":"Arletti Partners","article_publisher":"https:\/\/www.facebook.com\/ArlettiPartners","article_modified_time":"2025-01-29T11:02:33+00:00","twitter_card":"summary_large_image","twitter_misc":{"Dur\u00e9e de lecture estim\u00e9e":"4 minutes"},"schema":{"@context":"https:\/\/schema.org","@graph":[{"@type":"WebPage","@id":"https:\/\/arlettipartners.com\/fr\/politique-de-confidentialite-formulaire-obtenir-un-devis\/","url":"https:\/\/arlettipartners.com\/fr\/politique-de-confidentialite-formulaire-obtenir-un-devis\/","name":"Politique de Confidentialit\u00e9 - Formulaire \u00ab Obtenir un devis \u00bb - Arletti Partners","isPartOf":{"@id":"https:\/\/arlettipartners.com\/fr\/#website"},"datePublished":"2025-01-28T10:41:30+00:00","dateModified":"2025-01-29T11:02:33+00:00","breadcrumb":{"@id":"https:\/\/arlettipartners.com\/fr\/politique-de-confidentialite-formulaire-obtenir-un-devis\/#breadcrumb"},"inLanguage":"fr-FR","potentialAction":[{"@type":"ReadAction","target":["https:\/\/arlettipartners.com\/fr\/politique-de-confidentialite-formulaire-obtenir-un-devis\/"]}]},{"@type":"BreadcrumbList","@id":"https:\/\/arlettipartners.com\/fr\/politique-de-confidentialite-formulaire-obtenir-un-devis\/#breadcrumb","itemListElement":[{"@type":"ListItem","position":1,"name":"Home","item":"https:\/\/arlettipartners.com\/fr\/"},{"@type":"ListItem","position":2,"name":"Politique de Confidentialit\u00e9 &#8211; Formulaire \u00ab Obtenir un devis \u00bb"}]},{"@type":"WebSite","@id":"https:\/\/arlettipartners.com\/fr\/#website","url":"https:\/\/arlettipartners.com\/fr\/","name":"Arletti Partners","description":"Tax Advisors and Global Mobility Specialists","publisher":{"@id":"https:\/\/arlettipartners.com\/fr\/#organization"},"potentialAction":[{"@type":"SearchAction","target":{"@type":"EntryPoint","urlTemplate":"https:\/\/arlettipartners.com\/fr\/?s={search_term_string}"},"query-input":{"@type":"PropertyValueSpecification","valueRequired":true,"valueName":"search_term_string"}}],"inLanguage":"fr-FR"},{"@type":"Organization","@id":"https:\/\/arlettipartners.com\/fr\/#organization","name":"Arletti & Partners","url":"https:\/\/arlettipartners.com\/fr\/","logo":{"@type":"ImageObject","inLanguage":"fr-FR","@id":"https:\/\/arlettipartners.com\/fr\/#\/schema\/logo\/image\/","url":"https:\/\/arlettipartners.com\/wp-content\/uploads\/2022\/03\/logo.png.nuovo_.nero_.png","contentUrl":"https:\/\/arlettipartners.com\/wp-content\/uploads\/2022\/03\/logo.png.nuovo_.nero_.png","width":150,"height":32,"caption":"Arletti & Partners"},"image":{"@id":"https:\/\/arlettipartners.com\/fr\/#\/schema\/logo\/image\/"},"sameAs":["https:\/\/www.facebook.com\/ArlettiPartners","https:\/\/www.linkedin.com\/company\/aampp---arletti-amp-partners\/"]}]}},"_links":{"self":[{"href":"https:\/\/arlettipartners.com\/fr\/wp-json\/wp\/v2\/pages\/187307","targetHints":{"allow":["GET"]}}],"collection":[{"href":"https:\/\/arlettipartners.com\/fr\/wp-json\/wp\/v2\/pages"}],"about":[{"href":"https:\/\/arlettipartners.com\/fr\/wp-json\/wp\/v2\/types\/page"}],"author":[{"embeddable":true,"href":"https:\/\/arlettipartners.com\/fr\/wp-json\/wp\/v2\/users\/1"}],"replies":[{"embeddable":true,"href":"https:\/\/arlettipartners.com\/fr\/wp-json\/wp\/v2\/comments?post=187307"}],"version-history":[{"count":0,"href":"https:\/\/arlettipartners.com\/fr\/wp-json\/wp\/v2\/pages\/187307\/revisions"}],"wp:attachment":[{"href":"https:\/\/arlettipartners.com\/fr\/wp-json\/wp\/v2\/media?parent=187307"}],"wp:term":[{"taxonomy":"country","embeddable":true,"href":"https:\/\/arlettipartners.com\/fr\/wp-json\/wp\/v2\/country?post=187307"},{"taxonomy":"container","embeddable":true,"href":"https:\/\/arlettipartners.com\/fr\/wp-json\/wp\/v2\/container?post=187307"}],"curies":[{"name":"wp","href":"https:\/\/api.w.org\/{rel}","templated":true}]}}