{"id":187267,"date":"2025-01-27T16:52:51","date_gmt":"2025-01-27T15:52:51","guid":{"rendered":"https:\/\/arlettipartners.com\/politica-de-privacidad-formulario-de-contacto\/"},"modified":"2025-01-29T10:27:45","modified_gmt":"2025-01-29T09:27:45","slug":"politica-de-privacidad-formulario-de-contacto","status":"publish","type":"page","link":"https:\/\/arlettipartners.com\/es\/politica-de-privacidad-formulario-de-contacto\/","title":{"rendered":"Pol\u00edtica de Privacidad &#8211; Formulario de contacto"},"content":{"rendered":"\n<p><em>Informaci\u00f3n con respecto al art\u00edculo 13 del Reglamento General de Protecci\u00f3n de Datos<\/em><\/p>\n\n<h2 class=\"wp-block-heading\" id=\"h-titolare-del-trattamento\">Controlador de Datos<\/h2>\n\n<figure class=\"wp-block-table\"><table class=\"has-fixed-layout\"><tbody><tr><td><strong>Nombre de la empresa<\/strong><\/td><td colspan=\"2\"><strong>Dott. Arletti Alessandro<\/strong>\u00a0<\/td><\/tr><tr><td><strong>Domicilio social<\/strong><\/td><td colspan=\"2\">Corso Cavour, 38 \u2013 41121 Modena (MO), Italia<\/td><\/tr><tr><td><strong>N\u00famero de tel\u00e9fono y direcci\u00f3n de correo electr\u00f3nico<\/strong><\/td><td>+39 02 30456361\u00a0<\/td><td><a href=\"mailto:info@arlettipartners.com\" target=\"_blank\" rel=\"noreferrer noopener\">info@arlettipartners.com<\/a><em>\u00a0<\/em>\u00a0<\/td><\/tr><tr><td><strong>Responsable de Protecci\u00f3n de Datos<\/strong><\/td><td colspan=\"2\"><a href=\"mailto:rpd@formulaprivacy.it\" target=\"_blank\" rel=\"noreferrer noopener\">rpd@formulaprivacy.it<\/a><em>\u00a0<\/em>\u00a0<\/td><\/tr><\/tbody><\/table><\/figure>\n\n<h2 class=\"wp-block-heading\" id=\"h-finalita-del-trattamento\">Finalidad del Tratamiento<\/h2>\n\n<figure class=\"wp-block-table\"><table class=\"has-fixed-layout\"><tbody><tr><td><strong>Proporcionar la informaci\u00f3n requerida<\/strong><\/td><td>Facilitar la informaci\u00f3n solicitada rellenando el formulario de contacto espec\u00edfico. <\/td><\/tr><\/tbody><\/table><\/figure>\n\n<h2 class=\"wp-block-heading\" id=\"h-base-giuridica-del-trattamento\">Base jur\u00eddica del Tratamiento<\/h2>\n\n<figure class=\"wp-block-table\"><table class=\"has-fixed-layout\"><tbody><tr><td><strong>Proporcionar la informaci\u00f3n requerida<\/strong><\/td><td>Consentimiento (facultativo y siempre revocable) expresado marcando la casilla del formulario. <\/td><\/tr><\/tbody><\/table><\/figure>\n\n<h2 class=\"wp-block-heading\" id=\"h-dati-personali-oggetto-di-trattamento\">Datos Personales Objeto de Tratamiento<\/h2>\n\n<figure class=\"wp-block-table\"><table class=\"has-fixed-layout\"><tbody><tr><td><strong>Proporcionar la informaci\u00f3n requerida<\/strong><\/td><td>Datos personales, datos de contacto y todos los datos introducidos en el texto del mensaje enviado. <\/td><\/tr><\/tbody><\/table><\/figure>\n\n<h2 class=\"wp-block-heading\" id=\"h-periodo-di-conservazione-dei-dati-personali\">Per\u00edodo de Conservaci\u00f3n de los Datos Personales<\/h2>\n\n<figure class=\"wp-block-table\"><table class=\"has-fixed-layout\"><tbody><tr><td><strong>Proporcionar la informaci\u00f3n requerida<\/strong><\/td><td>Los datos se conservar\u00e1n durante un periodo no superior al cumplimiento de la finalidad establecida en el apartado 2.1 y, por tanto, de acuerdo con los siguientes criterios:&#13;\n<ul>&#13;\n \t<li>necesidad de facilitar la informaci\u00f3n solicitada;<\/li>&#13;\n \t<li>en un plazo de tres meses a partir del suministro completo de la informaci\u00f3n solicitada; en cualquier caso, tras la retirada del consentimiento.<\/li>&#13;\n<\/ul><\/td><\/tr><\/tbody><\/table><\/figure>\n\n<h2 class=\"wp-block-heading\" id=\"h-obbligatorieta-del-conferimento-dei-dati\">Obligaci\u00f3n de proporcionar Datos<\/h2>\n\n<figure class=\"wp-block-table\"><table class=\"has-fixed-layout\"><tbody><tr><td><strong>Proporcionar la informaci\u00f3n requerida<\/strong><\/td><td>El proporcionamiento de datos es opcional. Sin embargo, sin ellos no ser\u00e1 posible facilitar la informaci\u00f3n solicitada.  <\/td><\/tr><\/tbody><\/table><\/figure>\n\n<h2 class=\"wp-block-heading\" id=\"h-destinatari-dei-dati\">Destinatarios de los Datos<\/h2>\n\n<figure class=\"wp-block-table\"><table class=\"has-fixed-layout\"><tbody><tr><td><strong>Autorizados para el Tratamiento<\/strong><\/td><td>En la medida en que sea pertinente para los fines de tratamiento antes mencionados, los datos podr\u00e1n comunicarse al personal interno expresamente autorizado e instruido para tratarlos. <\/td><\/tr><tr><td><strong>Encargados del Tratamiento<\/strong><\/td><td>En la medida en que sea pertinente para los fines de tratamiento antes mencionados, los datos podr\u00e1n comunicarse a proveedores de servicios funcionales al tratamiento, designados como Encargados del Tratamiento y con instrucciones coherentes, como por ejemplo:&#13;\n<ul>&#13;\n \t<li>el proveedor del servicio de agencia web;<\/li>&#13;\n \t<li>el proveedor del servicio de correo electr\u00f3nico.<\/li>&#13;\n<\/ul><\/td><\/tr><tr><td><strong>Controladores de datos<\/strong><\/td><td>Los datos podr\u00e1n comunicarse a las autoridades p\u00fablicas de conformidad con la legislaci\u00f3n aplicable. <\/td><\/tr><\/tbody><\/table><\/figure>\n\n<h2 class=\"wp-block-heading\" id=\"h-diffusione-e-trasferimento-dei-dati\">Difusi\u00f3n y Transferencia de Datos<\/h2>\n\n<figure class=\"wp-block-table\"><table class=\"has-fixed-layout\"><tbody><tr><td><strong>Difusi\u00f3n de Datos<\/strong><\/td><td>No habr\u00e1 difusi\u00f3n de datos.<\/td><\/tr><tr><td><strong>Transferencia extra-UE<\/strong><\/td><td>No se transferir\u00e1n datos a pa\u00edses no europeos. <\/td><\/tr><\/tbody><\/table><\/figure>\n\n<h2 class=\"wp-block-heading\" id=\"h-diritti-degli-interessati-al-trattamento-dei-dati-personali\">Derechos de los Interesados en el Tratamiento de Datos Personales<\/h2>\n\n<figure class=\"wp-block-table\"><table class=\"has-fixed-layout\"><tbody><tr><td><strong>Derecho de acceso (Art. 15 GDPR) <\/strong><\/td><td>Puede solicitar confirmaci\u00f3n sobre si se est\u00e1n tratando o no datos que le conciernen, as\u00ed como m\u00e1s aclaraciones sobre la informaci\u00f3n expuesta en este aviso, y recibir los datos propiamente dichos, a menos que la devoluci\u00f3n vulnere los derechos y libertades de terceros. <\/td><\/tr><tr><td><strong>Derecho de rectificaci\u00f3n (Art. 16 GDPR) <\/strong><\/td><td>Puede pedirnos que rectifiquemos o completemos los datos que nos ha facilitado o que obran en nuestro poder si son inexactos. <\/td><\/tr><tr><td><strong>Derecho de cancelaci\u00f3n (Art. 17 GDPR) <\/strong><\/td><td>Puede solicitar la eliminaci\u00f3n de los datos adquiridos o tratados. <\/td><\/tr><tr><td><strong>Derecho de prescripci\u00f3n (Art. 18 GDPR) <\/strong><\/td><td>Podr\u00e1 solicitar la limitaci\u00f3n del tratamiento de sus datos personales; en ese caso, los datos no se tratar\u00e1n, salvo para su conservaci\u00f3n, sin su consentimiento, salvo en los casos expl\u00edcitamente indicados en el mismo art\u00edculo en la secci\u00f3n 2. <\/td><\/tr><tr><td><strong>Derecho de portabilidad (Art. 20 GDPR) <\/strong><\/td><td>Puede solicitar recibir los datos, o que se transmitan a otro responsable del tratamiento de datos designado, en un formato estructurado, de uso com\u00fan y lectura mec\u00e1nica. <\/td><\/tr><tr><td><strong>Derecho de oposici\u00f3n (Art. 21 GDPR) <\/strong><\/td><td>Puede oponerse en cualquier momento al tratamiento de sus datos sobre la base de un inter\u00e9s leg\u00edtimo, a menos que existan motivos leg\u00edtimos para el tratamiento que prevalezcan sobre sus derechos, por ejemplo, para el ejercicio o la defensa de nuestros derechos ante los tribunales; la oposici\u00f3n siempre prevalecer\u00e1 sobre nuestro inter\u00e9s leg\u00edtimo en el tratamiento de los datos con fines de comercializaci\u00f3n. <\/td><\/tr><tr><td><strong>Derecho a no ser objeto de una toma de decisiones automatizada (Art. 22 GDPR)<\/strong><\/td><td>Puede solicitar que no se le someta a un proceso automatizado de toma de decisiones o incluso a uno basado en la elaboraci\u00f3n de perfiles. <\/td><\/tr><\/tbody><\/table><\/figure>\n\n<h2 class=\"wp-block-heading\" id=\"h-reclamo-all-autorita-di-controllo\">Reclamaci\u00f3n a la Autoridad de Control<\/h2>\n\n<figure class=\"wp-block-table\"><table class=\"has-fixed-layout\"><tbody><tr><td><strong>Derecho de reclamaci\u00f3n (Art. 77 GDPR)<\/strong><\/td><td colspan=\"2\">Puede presentar una reclamaci\u00f3n ante la autoridad de control del Estado miembro en el que reside o trabaja habitualmente o en el que se ha producido la presunta infracci\u00f3n. <\/td><\/tr><tr><td><strong>Autoridad de control italiana<\/strong><\/td><td colspan=\"2\">Autoridad de Protecci\u00f3n de Datos (&#8220;Garante per la Protezione dei Dati Personali&#8221;)<\/td><\/tr><tr><td><strong>Direcci\u00f3n postal y direcci\u00f3n de correo electr\u00f3nico<\/strong><\/td><td>Piazza Venezia, 11 \u2013 00187 Roma (RM), Italia<\/td><td><a href=\"mailto:protocollo@pec.gdpd.it\" target=\"_blank\" rel=\"noreferrer noopener\">protocollo@pec.gdpd.it<\/a><em>\u00a0<\/em>\u00a0<\/td><\/tr><\/tbody><\/table><\/figure>\n\n<h2 class=\"wp-block-heading\" id=\"h-processo-decisionale-automatizzato-compresa-la-profilazione\">Toma de Decisiones Automatizada, incluida la Elaboraci\u00f3n de Perfiles<\/h2>\n\n<figure class=\"wp-block-table\"><table class=\"has-fixed-layout\"><tbody><tr><td><strong>Proporcionar la informaci\u00f3n requerida<\/strong><\/td><td>No existen procesos automatizados de toma de decisiones, incluida la elaboraci\u00f3n de perfiles. <\/td><\/tr><\/tbody><\/table><\/figure>\n","protected":false},"excerpt":{"rendered":"<p>Informaci\u00f3n con respecto al art\u00edculo 13 del Reglamento General de Protecci\u00f3n de Datos Controlador de Datos Nombre de la empresa Dott. Arletti Alessandro\u00a0 Domicilio social Corso Cavour, 38 \u2013 41121 [&hellip;]<\/p>\n","protected":false},"author":1,"featured_media":0,"parent":0,"menu_order":0,"comment_status":"closed","ping_status":"closed","template":"","meta":{"_acf_changed":false,"footnotes":""},"country":[],"container":[],"class_list":["post-187267","page","type-page","status-publish","hentry"],"acf":[],"yoast_head":"<!-- This site is optimized with the Yoast SEO Premium plugin v27.3 (Yoast SEO v27.4) - https:\/\/yoast.com\/product\/yoast-seo-premium-wordpress\/ -->\n<title>Pol\u00edtica de Privacidad - Formulario de contacto - Arletti Partners<\/title>\n<meta name=\"robots\" content=\"noindex, nofollow\" \/>\n<meta property=\"og:locale\" content=\"es_ES\" \/>\n<meta property=\"og:type\" content=\"article\" \/>\n<meta property=\"og:title\" content=\"Pol\u00edtica de Privacidad - Formulario de contacto\" \/>\n<meta property=\"og:description\" content=\"Informaci\u00f3n con respecto al art\u00edculo 13 del Reglamento General de Protecci\u00f3n de Datos Controlador de Datos Nombre de la empresaDott. Arletti\" \/>\n<meta property=\"og:url\" content=\"https:\/\/arlettipartners.com\/es\/politica-de-privacidad-formulario-de-contacto\/\" \/>\n<meta property=\"og:site_name\" content=\"Arletti Partners\" \/>\n<meta property=\"article:publisher\" content=\"https:\/\/www.facebook.com\/ArlettiPartners\" \/>\n<meta property=\"article:modified_time\" content=\"2025-01-29T09:27:45+00:00\" \/>\n<meta name=\"twitter:card\" content=\"summary_large_image\" \/>\n<meta name=\"twitter:label1\" content=\"Tiempo de lectura\" \/>\n\t<meta name=\"twitter:data1\" content=\"4 minutos\" \/>\n<script type=\"application\/ld+json\" class=\"yoast-schema-graph\">{\"@context\":\"https:\\\/\\\/schema.org\",\"@graph\":[{\"@type\":\"WebPage\",\"@id\":\"https:\\\/\\\/arlettipartners.com\\\/es\\\/politica-de-privacidad-formulario-de-contacto\\\/\",\"url\":\"https:\\\/\\\/arlettipartners.com\\\/es\\\/politica-de-privacidad-formulario-de-contacto\\\/\",\"name\":\"Pol\u00edtica de Privacidad - Formulario de contacto - Arletti Partners\",\"isPartOf\":{\"@id\":\"https:\\\/\\\/arlettipartners.com\\\/es\\\/#website\"},\"datePublished\":\"2025-01-27T15:52:51+00:00\",\"dateModified\":\"2025-01-29T09:27:45+00:00\",\"breadcrumb\":{\"@id\":\"https:\\\/\\\/arlettipartners.com\\\/es\\\/politica-de-privacidad-formulario-de-contacto\\\/#breadcrumb\"},\"inLanguage\":\"es\",\"potentialAction\":[{\"@type\":\"ReadAction\",\"target\":[\"https:\\\/\\\/arlettipartners.com\\\/es\\\/politica-de-privacidad-formulario-de-contacto\\\/\"]}]},{\"@type\":\"BreadcrumbList\",\"@id\":\"https:\\\/\\\/arlettipartners.com\\\/es\\\/politica-de-privacidad-formulario-de-contacto\\\/#breadcrumb\",\"itemListElement\":[{\"@type\":\"ListItem\",\"position\":1,\"name\":\"Home\",\"item\":\"https:\\\/\\\/arlettipartners.com\\\/es\\\/\"},{\"@type\":\"ListItem\",\"position\":2,\"name\":\"Pol\u00edtica de Privacidad &#8211; Formulario de contacto\"}]},{\"@type\":\"WebSite\",\"@id\":\"https:\\\/\\\/arlettipartners.com\\\/es\\\/#website\",\"url\":\"https:\\\/\\\/arlettipartners.com\\\/es\\\/\",\"name\":\"Arletti Partners\",\"description\":\"Tax Advisors and Global Mobility Specialists\",\"publisher\":{\"@id\":\"https:\\\/\\\/arlettipartners.com\\\/es\\\/#organization\"},\"potentialAction\":[{\"@type\":\"SearchAction\",\"target\":{\"@type\":\"EntryPoint\",\"urlTemplate\":\"https:\\\/\\\/arlettipartners.com\\\/es\\\/?s={search_term_string}\"},\"query-input\":{\"@type\":\"PropertyValueSpecification\",\"valueRequired\":true,\"valueName\":\"search_term_string\"}}],\"inLanguage\":\"es\"},{\"@type\":\"Organization\",\"@id\":\"https:\\\/\\\/arlettipartners.com\\\/es\\\/#organization\",\"name\":\"Arletti & Partners\",\"url\":\"https:\\\/\\\/arlettipartners.com\\\/es\\\/\",\"logo\":{\"@type\":\"ImageObject\",\"inLanguage\":\"es\",\"@id\":\"https:\\\/\\\/arlettipartners.com\\\/es\\\/#\\\/schema\\\/logo\\\/image\\\/\",\"url\":\"https:\\\/\\\/arlettipartners.com\\\/wp-content\\\/uploads\\\/2022\\\/03\\\/logo.png.nuovo_.nero_.png\",\"contentUrl\":\"https:\\\/\\\/arlettipartners.com\\\/wp-content\\\/uploads\\\/2022\\\/03\\\/logo.png.nuovo_.nero_.png\",\"width\":150,\"height\":32,\"caption\":\"Arletti & Partners\"},\"image\":{\"@id\":\"https:\\\/\\\/arlettipartners.com\\\/es\\\/#\\\/schema\\\/logo\\\/image\\\/\"},\"sameAs\":[\"https:\\\/\\\/www.facebook.com\\\/ArlettiPartners\",\"https:\\\/\\\/www.linkedin.com\\\/company\\\/aampp---arletti-amp-partners\\\/\"]}]}<\/script>\n<!-- \/ Yoast SEO Premium plugin. -->","yoast_head_json":{"title":"Pol\u00edtica de Privacidad - Formulario de contacto - Arletti Partners","robots":{"index":"noindex","follow":"nofollow"},"og_locale":"es_ES","og_type":"article","og_title":"Pol\u00edtica de Privacidad - Formulario de contacto","og_description":"Informaci\u00f3n con respecto al art\u00edculo 13 del Reglamento General de Protecci\u00f3n de Datos Controlador de Datos Nombre de la empresaDott. Arletti","og_url":"https:\/\/arlettipartners.com\/es\/politica-de-privacidad-formulario-de-contacto\/","og_site_name":"Arletti Partners","article_publisher":"https:\/\/www.facebook.com\/ArlettiPartners","article_modified_time":"2025-01-29T09:27:45+00:00","twitter_card":"summary_large_image","twitter_misc":{"Tiempo de lectura":"4 minutos"},"schema":{"@context":"https:\/\/schema.org","@graph":[{"@type":"WebPage","@id":"https:\/\/arlettipartners.com\/es\/politica-de-privacidad-formulario-de-contacto\/","url":"https:\/\/arlettipartners.com\/es\/politica-de-privacidad-formulario-de-contacto\/","name":"Pol\u00edtica de Privacidad - Formulario de contacto - Arletti Partners","isPartOf":{"@id":"https:\/\/arlettipartners.com\/es\/#website"},"datePublished":"2025-01-27T15:52:51+00:00","dateModified":"2025-01-29T09:27:45+00:00","breadcrumb":{"@id":"https:\/\/arlettipartners.com\/es\/politica-de-privacidad-formulario-de-contacto\/#breadcrumb"},"inLanguage":"es","potentialAction":[{"@type":"ReadAction","target":["https:\/\/arlettipartners.com\/es\/politica-de-privacidad-formulario-de-contacto\/"]}]},{"@type":"BreadcrumbList","@id":"https:\/\/arlettipartners.com\/es\/politica-de-privacidad-formulario-de-contacto\/#breadcrumb","itemListElement":[{"@type":"ListItem","position":1,"name":"Home","item":"https:\/\/arlettipartners.com\/es\/"},{"@type":"ListItem","position":2,"name":"Pol\u00edtica de Privacidad &#8211; Formulario de contacto"}]},{"@type":"WebSite","@id":"https:\/\/arlettipartners.com\/es\/#website","url":"https:\/\/arlettipartners.com\/es\/","name":"Arletti Partners","description":"Tax Advisors and Global Mobility Specialists","publisher":{"@id":"https:\/\/arlettipartners.com\/es\/#organization"},"potentialAction":[{"@type":"SearchAction","target":{"@type":"EntryPoint","urlTemplate":"https:\/\/arlettipartners.com\/es\/?s={search_term_string}"},"query-input":{"@type":"PropertyValueSpecification","valueRequired":true,"valueName":"search_term_string"}}],"inLanguage":"es"},{"@type":"Organization","@id":"https:\/\/arlettipartners.com\/es\/#organization","name":"Arletti & Partners","url":"https:\/\/arlettipartners.com\/es\/","logo":{"@type":"ImageObject","inLanguage":"es","@id":"https:\/\/arlettipartners.com\/es\/#\/schema\/logo\/image\/","url":"https:\/\/arlettipartners.com\/wp-content\/uploads\/2022\/03\/logo.png.nuovo_.nero_.png","contentUrl":"https:\/\/arlettipartners.com\/wp-content\/uploads\/2022\/03\/logo.png.nuovo_.nero_.png","width":150,"height":32,"caption":"Arletti & Partners"},"image":{"@id":"https:\/\/arlettipartners.com\/es\/#\/schema\/logo\/image\/"},"sameAs":["https:\/\/www.facebook.com\/ArlettiPartners","https:\/\/www.linkedin.com\/company\/aampp---arletti-amp-partners\/"]}]}},"_links":{"self":[{"href":"https:\/\/arlettipartners.com\/es\/wp-json\/wp\/v2\/pages\/187267","targetHints":{"allow":["GET"]}}],"collection":[{"href":"https:\/\/arlettipartners.com\/es\/wp-json\/wp\/v2\/pages"}],"about":[{"href":"https:\/\/arlettipartners.com\/es\/wp-json\/wp\/v2\/types\/page"}],"author":[{"embeddable":true,"href":"https:\/\/arlettipartners.com\/es\/wp-json\/wp\/v2\/users\/1"}],"replies":[{"embeddable":true,"href":"https:\/\/arlettipartners.com\/es\/wp-json\/wp\/v2\/comments?post=187267"}],"version-history":[{"count":0,"href":"https:\/\/arlettipartners.com\/es\/wp-json\/wp\/v2\/pages\/187267\/revisions"}],"wp:attachment":[{"href":"https:\/\/arlettipartners.com\/es\/wp-json\/wp\/v2\/media?parent=187267"}],"wp:term":[{"taxonomy":"country","embeddable":true,"href":"https:\/\/arlettipartners.com\/es\/wp-json\/wp\/v2\/country?post=187267"},{"taxonomy":"container","embeddable":true,"href":"https:\/\/arlettipartners.com\/es\/wp-json\/wp\/v2\/container?post=187267"}],"curies":[{"name":"wp","href":"https:\/\/api.w.org\/{rel}","templated":true}]}}