{"id":187278,"date":"2025-01-27T16:52:51","date_gmt":"2025-01-27T15:52:51","guid":{"rendered":"https:\/\/arlettipartners.com\/datenschutzerklaerung-form-kontaktieren-sie-uns\/"},"modified":"2025-01-29T11:54:04","modified_gmt":"2025-01-29T10:54:04","slug":"datenschutzerklaerung-form-kontaktieren-sie-uns","status":"publish","type":"page","link":"https:\/\/arlettipartners.com\/de\/datenschutzerklaerung-form-kontaktieren-sie-uns\/","title":{"rendered":"Datenschutzerkl\u00e4rung \u2013 Form &#8220;Kontaktieren Sie uns&#8221;"},"content":{"rendered":"\n<p><em>Informationen gem\u00e4\u00df Art. 13 der Datenschutz-Grundverordnung (DSGVO)<\/em><\/p>\n\n\n\n<h2 class=\"wp-block-heading\" id=\"h-verantwortlicher\">Verantwortlicher<\/h2>\n\n\n\n<figure class=\"wp-block-table\"><table class=\"has-fixed-layout\"><tbody><tr><td><strong>Firmenname<\/strong><\/td><td colspan=\"2\"><strong>Dr. Arletti Alessandro<\/strong><\/td><\/tr><tr><td><strong>Firmensitz<\/strong><\/td><td colspan=\"2\">Corso Cavour, 38 \u2013 41121 Modena (MO)&nbsp;<\/td><\/tr><tr><td><strong>Telefonnummer und E-Mail-Adresse<\/strong><\/td><td>+39 02 30456361&nbsp;<\/td><td><a href=\"mailto:info@arlettipartners.com\" target=\"_blank\" rel=\"noreferrer noopener\">info@arlettipartners.com<\/a><em>&nbsp;<\/em>&nbsp;<\/td><\/tr><tr><td><strong>Datenschutzbeauftragter<\/strong><\/td><td colspan=\"2\"><a href=\"mailto:rpd@formulaprivacy.it\" target=\"_blank\" rel=\"noreferrer noopener\">rpd@formulaprivacy.it<\/a><em>&nbsp;<\/em>&nbsp;<\/td><\/tr><\/tbody><\/table><\/figure>\n\n\n\n<h2 class=\"wp-block-heading\" id=\"h-zweck-der-verarbeitung\">Zweck der Verarbeitung<\/h2>\n\n\n\n<figure class=\"wp-block-table\"><table class=\"has-fixed-layout\"><tbody><tr><td><strong>Bereitstellung der angeforderten Informationen<\/strong><\/td><td>Die angeforderten Informationen durch Ausf\u00fcllen des daf\u00fcr vorgesehenen Kontaktformulars bereitstellen.<\/td><\/tr><\/tbody><\/table><\/figure>\n\n\n\n<h2 class=\"wp-block-heading\" id=\"h-rechtsgrundlage-fur-die-verarbeitung\">Rechtsgrundlage f\u00fcr die Verarbeitung<\/h2>\n\n\n\n<figure class=\"wp-block-table\"><table class=\"has-fixed-layout\"><tbody><tr><td><strong>Bereitstellung der angeforderten Informationen<\/strong><\/td><td>Zustimmung (fakultativ und jederzeit widerrufbar), die durch Ankreuzen des K\u00e4stchens im Formular ausgedr\u00fcckt wird. <\/td><\/tr><\/tbody><\/table><\/figure>\n\n\n\n<h2 class=\"wp-block-heading\" id=\"h-personenbezogene-daten-die-verarbeitet-werden\">Personenbezogene Daten, die verarbeitet werden<\/h2>\n\n\n\n<figure class=\"wp-block-table\"><table class=\"has-fixed-layout\"><tbody><tr><td><strong>Bereitstellung der angeforderten Informationen<\/strong><\/td><td>Pers\u00f6nliche Daten, Kontaktdaten und alle Daten, die in den Text der gesendeten Nachricht eingegeben werden. <\/td><\/tr><\/tbody><\/table><\/figure>\n\n\n\n<h2 class=\"wp-block-heading\" id=\"h-speicherfrist-fur-personenbezogene-daten\">Speicherfrist f\u00fcr personenbezogene Daten<\/h2>\n\n\n\n<figure class=\"wp-block-table\"><table class=\"has-fixed-layout\"><tbody><tr><td><strong>Bereitstellung der angeforderten Informationen<\/strong><\/td><td>Die Daten werden f\u00fcr einen Zeitraum aufbewahrt, der nicht \u00fcber das Erreichen des in Absatz 2.1 genannten Zwecks hinausgeht, und zwar nach den folgenden Kriterien:\r\n<ul>\r\n \t<li>die Notwendigkeit, die angeforderten Informationen bereitzustellen;<\/li>\r\n \t<li>sp\u00e4testens drei Monate nach vollst\u00e4ndiger Bereitstellung der angeforderten Informationen, in jedem Fall zum Zeitpunkt der Widerrufung der Einwilligung.<\/li>\r\n<\/ul><\/td><\/tr><\/tbody><\/table><\/figure>\n\n\n\n<h2 class=\"wp-block-heading\" id=\"h-verpflichtung-zur-bereitstellung-von-daten\">Verpflichtung zur Bereitstellung von Daten<\/h2>\n\n\n\n<figure class=\"wp-block-table\"><table class=\"has-fixed-layout\"><tbody><tr><td><strong>Bereitstellung der angeforderten Informationen<\/strong><\/td><td>Die Bereitstellung der Daten ist freiwillig. Ohne diese k\u00f6nnen jedoch die angeforderten Informationen nicht bereitgestellt werden.<\/td><\/tr><\/tbody><\/table><\/figure>\n\n\n\n<h2 class=\"wp-block-heading\" id=\"h-empfanger-der-daten\">Empf\u00e4nger der Daten<\/h2>\n\n\n\n<figure class=\"wp-block-table\"><table class=\"has-fixed-layout\"><tbody><tr><td><strong>Die zur Verarbeitung berechtigten Personen<\/strong><\/td><td>Im Rahmen der oben genannten Verarbeitungszwecke k\u00f6nnen die Daten an ausdr\u00fccklich befugtes und f\u00fcr die Verarbeitung geschultes internes Personal weitergegeben werden.<\/td><\/tr><tr><td><strong>Auftragsverarbeiter<\/strong><\/td><td>Im Rahmen der oben genannten Verarbeitungszwecke k\u00f6nnen die Daten an Dienstleister, die f\u00fcr die Verarbeitung erforderlich sind, weitergegeben werden. Diese wurden als Auftragsverarbeiter benannt und entsprechend angewiesen, darunter beispielsweise: <ul> \t<li>der Anbieter des E-Mail-Dienstes;<\/li> \t<li>der Anbieter der Webagentur-Dienstleistungen.<\/li><\/ul><\/td><\/tr><tr><td><strong>Verantwortliche<\/strong><\/td><td>Die Daten k\u00f6nnen nach Ma\u00dfgabe der geltenden Rechtsvorschriften an \u00f6ffentliche Stellen weitergegeben werden. <\/td><\/tr><\/tbody><\/table><\/figure>\n\n\n\n<h2 class=\"wp-block-heading\" id=\"h-verbreitung-und-ubermittlung-von-daten\">Verbreitung und \u00dcbermittlung von Daten<\/h2>\n\n\n\n<figure class=\"wp-block-table\"><table class=\"has-fixed-layout\"><tbody><tr><td><strong>Verbreitung von Daten<\/strong><\/td><td>Es findet keine Verbreitung der Daten statt. <\/td><\/tr><tr><td><strong>\u00dcbermittlung au\u00dferhalb der EU<\/strong><\/td><td>Es werden keine Daten in au\u00dfereurop\u00e4ische L\u00e4nder \u00fcbermittelt. <\/td><\/tr><\/tbody><\/table><\/figure>\n\n\n\n<h2 class=\"wp-block-heading\" id=\"h-rechte-der-betroffenen-personen-bei-der-verarbeitung-personenbezogener-daten\">Rechte der betroffenen Personen bei der Verarbeitung personenbezogener Daten<\/h2>\n\n\n\n<figure class=\"wp-block-table\"><table class=\"has-fixed-layout\"><tbody><tr><td><strong>Auskunftsrecht<\/strong>&nbsp;(Art. 15 DSGVO)<\/td><td>Sie k\u00f6nnen eine Best\u00e4tigung dar\u00fcber verlangen, ob Sie betreffende Daten verarbeitet werden oder nicht, sowie weitere Erl\u00e4uterungen zu den in dieser Mitteilung enthaltenen Informationen und die Herausgabe der Daten selbst, es sei denn, die Herausgabe w\u00fcrde die Rechte und Freiheiten anderer verletzen. <\/td><\/tr><tr><td><strong>Recht auf Berichtigung&nbsp;<\/strong>(Art. 16 DSGVO)<\/td><td>Sie k\u00f6nnen uns auffordern, die von Ihnen zur Verf\u00fcgung gestellten oder anderweitig in unserem Besitz befindlichen Daten zu berichtigen oder zu erg\u00e4nzen, wenn sie unzutreffend sind. <\/td><\/tr><tr><td><strong>Recht auf L\u00f6schung&nbsp;<\/strong>(Art. 17 DSGVO)<\/td><td>Sie k\u00f6nnen verlangen, dass die erhobenen oder verarbeiteten Daten gel\u00f6scht werden. <\/td><\/tr><tr><td><strong>Recht auf Einschr\u00e4nkung<\/strong>&nbsp;(Art. 18 DSGVO)<\/td><td>Sie k\u00f6nnen die Einschr\u00e4nkung der Verarbeitung personenbezogener Daten beantragen; in diesem Fall werden die Daten, abgesehen von der Speicherung, nicht ohne Ihre Zustimmung verarbeitet, es sei denn, dies ist in demselben Artikel in Absatz 2 ausdr\u00fccklich vorgesehen. <\/td><\/tr><tr><td><strong>Recht auf Daten\u00fcbertragbarkeit<\/strong>&nbsp;(Art. 20 DSGVO)<\/td><td>Sie k\u00f6nnen beantragen, die Daten in einem strukturierten, g\u00e4ngigen und maschinenlesbaren Format zu erhalten oder sie an einen anderen namentlich genannten f\u00fcr die Datenverarbeitung Verantwortlichen zu \u00fcbermitteln. <\/td><\/tr><tr><td><strong>Widerspruchsrecht<\/strong>&nbsp;(Art. 21 DSGVO)<\/td><td>Sie k\u00f6nnen der Verarbeitung Ihrer Daten auf der Grundlage eines berechtigten Interesses jederzeit widersprechen, es sei denn, es liegen berechtigte Gr\u00fcnde f\u00fcr die Verarbeitung vor, die Ihre Rechte \u00fcberwiegen, z. B. zur Aus\u00fcbung oder Verteidigung unserer Rechte vor Gericht; der Widerspruch hat stets Vorrang vor unserem berechtigten Interesse an der Verarbeitung der Daten zu Marketingzwecken. <\/td><\/tr><tr><td><strong>Automatisierte Entscheidungen im Einzelfall<\/strong>&nbsp;(Art. 22 DSGVO)<\/td><td>Sie k\u00f6nnen beantragen, nicht einer automatisierten Entscheidungsfindung oder gar einem Profiling unterworfen zu werden. <\/td><\/tr><\/tbody><\/table><\/figure>\n\n\n\n<h2 class=\"wp-block-heading\" id=\"h-beschwerde-bei-einer-aufsichtsbehorde\">Beschwerde bei einer Aufsichtsbeh\u00f6rde<\/h2>\n\n\n\n<figure class=\"wp-block-table\"><table class=\"has-fixed-layout\"><tbody><tr><td><strong>Recht auf Beschwerde<\/strong>&nbsp;(Art. 77 DSGVO)<\/td><td colspan=\"2\">Sie k\u00f6nnen eine Beschwerde bei der Aufsichtsbeh\u00f6rde des Mitgliedstaats einreichen, in dem Sie Ihren gew\u00f6hnlichen Aufenthalt haben, arbeiten oder in dem der mutma\u00dfliche Versto\u00df stattgefunden hat.<\/td><\/tr><tr><td><strong>Italienische Aufsichtsbeh\u00f6rde<\/strong><\/td><td colspan=\"2\">Datenschutzbeauftragten<\/td><\/tr><tr><td><strong>Anschrift und E-Mail-Adresse<\/strong><\/td><td>Piazza Venezia, 11 \u2013 00187 Rom (RM)&nbsp;<\/td><td><a href=\"mailto:protocollo@pec.gdpd.it\" target=\"_blank\" rel=\"noreferrer noopener\">protocollo@pec.gdpd.it<\/a><em>&nbsp;<\/em>&nbsp;<\/td><\/tr><\/tbody><\/table><\/figure>\n\n\n\n<h2 class=\"wp-block-heading\" id=\"h-automatisierte-entscheidungsfindung-einschliesslich-profiling\">Automatisierte Entscheidungsfindung einschlie\u00dflich Profiling<\/h2>\n\n\n\n<figure class=\"wp-block-table\"><table class=\"has-fixed-layout\"><tbody><tr><td><strong>Bereitstellung der angeforderten Informationen<\/strong><\/td><td>Es gibt keine automatisierten Entscheidungsfindungen, einschlie\u00dflich Profiling. <\/td><\/tr><\/tbody><\/table><\/figure>\n","protected":false},"excerpt":{"rendered":"<p>Informationen gem\u00e4\u00df Art. 13 der Datenschutz-Grundverordnung (DSGVO) Verantwortlicher Firmenname Dr. Arletti Alessandro Firmensitz Corso Cavour, 38 \u2013 41121 Modena (MO)&nbsp; Telefonnummer und E-Mail-Adresse +39 02 30456361&nbsp; info@arlettipartners.com&nbsp;&nbsp; Datenschutzbeauftragter rpd@formulaprivacy.it&nbsp;&nbsp; Zweck [&hellip;]<\/p>\n","protected":false},"author":1,"featured_media":0,"parent":0,"menu_order":0,"comment_status":"closed","ping_status":"closed","template":"","meta":{"_acf_changed":false,"footnotes":""},"country":[],"container":[],"class_list":["post-187278","page","type-page","status-publish","hentry"],"acf":[],"yoast_head":"<!-- This site is optimized with the Yoast SEO Premium plugin v27.3 (Yoast SEO v27.3) - https:\/\/yoast.com\/product\/yoast-seo-premium-wordpress\/ -->\n<title>Datenschutzerkl\u00e4rung \u2013 Form &quot;Kontaktieren Sie uns&quot; - Arletti Partners<\/title>\n<meta name=\"robots\" content=\"noindex, nofollow\" \/>\n<meta property=\"og:locale\" content=\"de_DE\" \/>\n<meta property=\"og:type\" content=\"article\" \/>\n<meta property=\"og:title\" content=\"Datenschutzerkl\u00e4rung \u2013 Form &quot;Kontaktieren Sie uns&quot;\" \/>\n<meta property=\"og:description\" content=\"Informationen gem\u00e4\u00df Art. 13 der Datenschutz-Grundverordnung (DSGVO) Verantwortlicher FirmennameDr. Arletti AlessandroFirmensitzCorso Cavour, 38 \u2013 41121\" \/>\n<meta property=\"og:url\" content=\"https:\/\/arlettipartners.com\/de\/datenschutzerklaerung-form-kontaktieren-sie-uns\/\" \/>\n<meta property=\"og:site_name\" content=\"Arletti Partners\" \/>\n<meta property=\"article:publisher\" content=\"https:\/\/www.facebook.com\/ArlettiPartners\" \/>\n<meta property=\"article:modified_time\" content=\"2025-01-29T10:54:04+00:00\" \/>\n<meta name=\"twitter:card\" content=\"summary_large_image\" \/>\n<meta name=\"twitter:label1\" content=\"Gesch\u00e4tzte Lesezeit\" \/>\n\t<meta name=\"twitter:data1\" content=\"3\u00a0Minuten\" \/>\n<script type=\"application\/ld+json\" class=\"yoast-schema-graph\">{\"@context\":\"https:\\\/\\\/schema.org\",\"@graph\":[{\"@type\":\"WebPage\",\"@id\":\"https:\\\/\\\/arlettipartners.com\\\/de\\\/datenschutzerklaerung-form-kontaktieren-sie-uns\\\/\",\"url\":\"https:\\\/\\\/arlettipartners.com\\\/de\\\/datenschutzerklaerung-form-kontaktieren-sie-uns\\\/\",\"name\":\"Datenschutzerkl\u00e4rung \u2013 Form \\\"Kontaktieren Sie uns\\\" - Arletti Partners\",\"isPartOf\":{\"@id\":\"https:\\\/\\\/arlettipartners.com\\\/de\\\/#website\"},\"datePublished\":\"2025-01-27T15:52:51+00:00\",\"dateModified\":\"2025-01-29T10:54:04+00:00\",\"breadcrumb\":{\"@id\":\"https:\\\/\\\/arlettipartners.com\\\/de\\\/datenschutzerklaerung-form-kontaktieren-sie-uns\\\/#breadcrumb\"},\"inLanguage\":\"de\",\"potentialAction\":[{\"@type\":\"ReadAction\",\"target\":[\"https:\\\/\\\/arlettipartners.com\\\/de\\\/datenschutzerklaerung-form-kontaktieren-sie-uns\\\/\"]}]},{\"@type\":\"BreadcrumbList\",\"@id\":\"https:\\\/\\\/arlettipartners.com\\\/de\\\/datenschutzerklaerung-form-kontaktieren-sie-uns\\\/#breadcrumb\",\"itemListElement\":[{\"@type\":\"ListItem\",\"position\":1,\"name\":\"Home\",\"item\":\"https:\\\/\\\/arlettipartners.com\\\/de\\\/\"},{\"@type\":\"ListItem\",\"position\":2,\"name\":\"Datenschutzerkl\u00e4rung \u2013 Form &#8220;Kontaktieren Sie uns&#8221;\"}]},{\"@type\":\"WebSite\",\"@id\":\"https:\\\/\\\/arlettipartners.com\\\/de\\\/#website\",\"url\":\"https:\\\/\\\/arlettipartners.com\\\/de\\\/\",\"name\":\"Arletti Partners\",\"description\":\"Tax Advisors and Global Mobility Specialists\",\"publisher\":{\"@id\":\"https:\\\/\\\/arlettipartners.com\\\/de\\\/#organization\"},\"potentialAction\":[{\"@type\":\"SearchAction\",\"target\":{\"@type\":\"EntryPoint\",\"urlTemplate\":\"https:\\\/\\\/arlettipartners.com\\\/de\\\/?s={search_term_string}\"},\"query-input\":{\"@type\":\"PropertyValueSpecification\",\"valueRequired\":true,\"valueName\":\"search_term_string\"}}],\"inLanguage\":\"de\"},{\"@type\":\"Organization\",\"@id\":\"https:\\\/\\\/arlettipartners.com\\\/de\\\/#organization\",\"name\":\"Arletti & Partners\",\"url\":\"https:\\\/\\\/arlettipartners.com\\\/de\\\/\",\"logo\":{\"@type\":\"ImageObject\",\"inLanguage\":\"de\",\"@id\":\"https:\\\/\\\/arlettipartners.com\\\/de\\\/#\\\/schema\\\/logo\\\/image\\\/\",\"url\":\"https:\\\/\\\/arlettipartners.com\\\/wp-content\\\/uploads\\\/2022\\\/03\\\/logo.png.nuovo_.nero_.png\",\"contentUrl\":\"https:\\\/\\\/arlettipartners.com\\\/wp-content\\\/uploads\\\/2022\\\/03\\\/logo.png.nuovo_.nero_.png\",\"width\":150,\"height\":32,\"caption\":\"Arletti & Partners\"},\"image\":{\"@id\":\"https:\\\/\\\/arlettipartners.com\\\/de\\\/#\\\/schema\\\/logo\\\/image\\\/\"},\"sameAs\":[\"https:\\\/\\\/www.facebook.com\\\/ArlettiPartners\",\"https:\\\/\\\/www.linkedin.com\\\/company\\\/aampp---arletti-amp-partners\\\/\"]}]}<\/script>\n<!-- \/ Yoast SEO Premium plugin. -->","yoast_head_json":{"title":"Datenschutzerkl\u00e4rung \u2013 Form \"Kontaktieren Sie uns\" - Arletti Partners","robots":{"index":"noindex","follow":"nofollow"},"og_locale":"de_DE","og_type":"article","og_title":"Datenschutzerkl\u00e4rung \u2013 Form \"Kontaktieren Sie uns\"","og_description":"Informationen gem\u00e4\u00df Art. 13 der Datenschutz-Grundverordnung (DSGVO) Verantwortlicher FirmennameDr. Arletti AlessandroFirmensitzCorso Cavour, 38 \u2013 41121","og_url":"https:\/\/arlettipartners.com\/de\/datenschutzerklaerung-form-kontaktieren-sie-uns\/","og_site_name":"Arletti Partners","article_publisher":"https:\/\/www.facebook.com\/ArlettiPartners","article_modified_time":"2025-01-29T10:54:04+00:00","twitter_card":"summary_large_image","twitter_misc":{"Gesch\u00e4tzte Lesezeit":"3\u00a0Minuten"},"schema":{"@context":"https:\/\/schema.org","@graph":[{"@type":"WebPage","@id":"https:\/\/arlettipartners.com\/de\/datenschutzerklaerung-form-kontaktieren-sie-uns\/","url":"https:\/\/arlettipartners.com\/de\/datenschutzerklaerung-form-kontaktieren-sie-uns\/","name":"Datenschutzerkl\u00e4rung \u2013 Form \"Kontaktieren Sie uns\" - Arletti Partners","isPartOf":{"@id":"https:\/\/arlettipartners.com\/de\/#website"},"datePublished":"2025-01-27T15:52:51+00:00","dateModified":"2025-01-29T10:54:04+00:00","breadcrumb":{"@id":"https:\/\/arlettipartners.com\/de\/datenschutzerklaerung-form-kontaktieren-sie-uns\/#breadcrumb"},"inLanguage":"de","potentialAction":[{"@type":"ReadAction","target":["https:\/\/arlettipartners.com\/de\/datenschutzerklaerung-form-kontaktieren-sie-uns\/"]}]},{"@type":"BreadcrumbList","@id":"https:\/\/arlettipartners.com\/de\/datenschutzerklaerung-form-kontaktieren-sie-uns\/#breadcrumb","itemListElement":[{"@type":"ListItem","position":1,"name":"Home","item":"https:\/\/arlettipartners.com\/de\/"},{"@type":"ListItem","position":2,"name":"Datenschutzerkl\u00e4rung \u2013 Form &#8220;Kontaktieren Sie uns&#8221;"}]},{"@type":"WebSite","@id":"https:\/\/arlettipartners.com\/de\/#website","url":"https:\/\/arlettipartners.com\/de\/","name":"Arletti Partners","description":"Tax Advisors and Global Mobility Specialists","publisher":{"@id":"https:\/\/arlettipartners.com\/de\/#organization"},"potentialAction":[{"@type":"SearchAction","target":{"@type":"EntryPoint","urlTemplate":"https:\/\/arlettipartners.com\/de\/?s={search_term_string}"},"query-input":{"@type":"PropertyValueSpecification","valueRequired":true,"valueName":"search_term_string"}}],"inLanguage":"de"},{"@type":"Organization","@id":"https:\/\/arlettipartners.com\/de\/#organization","name":"Arletti & Partners","url":"https:\/\/arlettipartners.com\/de\/","logo":{"@type":"ImageObject","inLanguage":"de","@id":"https:\/\/arlettipartners.com\/de\/#\/schema\/logo\/image\/","url":"https:\/\/arlettipartners.com\/wp-content\/uploads\/2022\/03\/logo.png.nuovo_.nero_.png","contentUrl":"https:\/\/arlettipartners.com\/wp-content\/uploads\/2022\/03\/logo.png.nuovo_.nero_.png","width":150,"height":32,"caption":"Arletti & Partners"},"image":{"@id":"https:\/\/arlettipartners.com\/de\/#\/schema\/logo\/image\/"},"sameAs":["https:\/\/www.facebook.com\/ArlettiPartners","https:\/\/www.linkedin.com\/company\/aampp---arletti-amp-partners\/"]}]}},"_links":{"self":[{"href":"https:\/\/arlettipartners.com\/de\/wp-json\/wp\/v2\/pages\/187278","targetHints":{"allow":["GET"]}}],"collection":[{"href":"https:\/\/arlettipartners.com\/de\/wp-json\/wp\/v2\/pages"}],"about":[{"href":"https:\/\/arlettipartners.com\/de\/wp-json\/wp\/v2\/types\/page"}],"author":[{"embeddable":true,"href":"https:\/\/arlettipartners.com\/de\/wp-json\/wp\/v2\/users\/1"}],"replies":[{"embeddable":true,"href":"https:\/\/arlettipartners.com\/de\/wp-json\/wp\/v2\/comments?post=187278"}],"version-history":[{"count":0,"href":"https:\/\/arlettipartners.com\/de\/wp-json\/wp\/v2\/pages\/187278\/revisions"}],"wp:attachment":[{"href":"https:\/\/arlettipartners.com\/de\/wp-json\/wp\/v2\/media?parent=187278"}],"wp:term":[{"taxonomy":"country","embeddable":true,"href":"https:\/\/arlettipartners.com\/de\/wp-json\/wp\/v2\/country?post=187278"},{"taxonomy":"container","embeddable":true,"href":"https:\/\/arlettipartners.com\/de\/wp-json\/wp\/v2\/container?post=187278"}],"curies":[{"name":"wp","href":"https:\/\/api.w.org\/{rel}","templated":true}]}}