{"id":187270,"date":"2025-01-28T11:41:30","date_gmt":"2025-01-28T10:41:30","guid":{"rendered":"https:\/\/arlettipartners.com\/datenschutzerklaerung-form-angebot-erhalten\/"},"modified":"2025-01-29T12:08:12","modified_gmt":"2025-01-29T11:08:12","slug":"datenschutzerklaerung-form-angebot-erhalten","status":"publish","type":"page","link":"https:\/\/arlettipartners.com\/de\/datenschutzerklaerung-form-angebot-erhalten\/","title":{"rendered":"Datenschutzerkl\u00e4rung &#8211; Form &#8220;Angebot erhalten&#8221;"},"content":{"rendered":"\n<p><em>Informationen gem\u00e4\u00df Art. 13 der Datenschutz-Grundverordnung (DSGVO)<\/em><\/p>\n\n<h2 class=\"wp-block-heading\" id=\"h-titolare-del-trattamento\">Verantwortlicher<\/h2>\n\n<figure class=\"wp-block-table\"><table class=\"has-fixed-layout\"><tbody><tr><td><strong>Firmenname<\/strong><\/td><td colspan=\"2\"><strong>Dr. Arletti Alessandro<\/strong><\/td><\/tr><tr><td><strong>Firmensitz<\/strong><\/td><td colspan=\"2\">Corso Cavour, 38 \u2013 41121 Modena (MO)\u00a0<\/td><\/tr><tr><td><strong>Telefonnummer und E-Mail-Adresse<\/strong><\/td><td>+39 02 30456361\u00a0<\/td><td><a href=\"mailto:info@arlettipartners.com\" target=\"_blank\" rel=\"noreferrer noopener\">info@arlettipartners.com<\/a><\/td><\/tr><tr><td><strong>Datenschutzbeauftragter<\/strong><\/td><td colspan=\"2\"><a href=\"mailto:rpd@formulaprivacy.it\" target=\"_blank\" rel=\"noreferrer noopener\">rpd@formulaprivacy.it<\/a><\/td><\/tr><\/tbody><\/table><\/figure>\n\n<h2 class=\"wp-block-heading\" id=\"h-finalita-del-trattamento\">Zweck der Verarbeitung<\/h2>\n\n<figure class=\"wp-block-table\"><table class=\"has-fixed-layout\"><tbody><tr><td><strong>Das angeforderte Angebot abgeben<\/strong><\/td><td>Das angeforderte Angebot durch das Ausf\u00fcllen des entsprechenden Datenerfassungsformulars auf der Website abgeben.<\/td><\/tr><\/tbody><\/table><\/figure>\n\n<h2 class=\"wp-block-heading\" id=\"h-base-giuridica-del-trattamento\">Rechtsgrundlage f\u00fcr die Verarbeitung<\/h2>\n\n<figure class=\"wp-block-table\"><table class=\"has-fixed-layout\"><tbody><tr><td><strong>Das angeforderte Angebot abgeben<\/strong><\/td><td>Die vorvertraglichen Ma\u00dfnahmen.<\/td><\/tr><\/tbody><\/table><\/figure>\n\n<h2 class=\"wp-block-heading\" id=\"h-dati-personali-oggetto-di-trattamento\">Personenbezogene Daten, die verarbeitet werden<\/h2>\n\n<figure class=\"wp-block-table\"><table class=\"has-fixed-layout\"><tbody><tr><td><strong>Das angeforderte Angebot abgeben<\/strong><\/td><td>Pers\u00f6nliche Daten, Kontaktangaben, die gew\u00fcnschte Dienstleistung und alle Daten, die f\u00fcr die Erstellung des angeforderten Angebots erforderlich sind.<\/td><\/tr><\/tbody><\/table><\/figure>\n\n<h2 class=\"wp-block-heading\" id=\"h-periodo-di-conservazione-dei-dati-personali\">Speicherfrist f\u00fcr personenbezogene Daten<\/h2>\n\n<figure class=\"wp-block-table\"><table class=\"has-fixed-layout\"><tbody><tr><td><strong>Das angeforderte Angebot abgeben<\/strong><\/td><td>Die Daten werden f\u00fcr einen Zeitraum gespeichert, der nicht \u00fcber das Erreichen des in Absatz 2.1 genannten Zwecks hinausgeht, und zwar nach den folgenden Kriterien:&#13;\n<ul>&#13;\n \t<li>die Notwendigkeit, das Angebot bereitzustellen;<\/li>&#13;\n \t<li>nicht l\u00e4nger als sechs Monate nach dessen Bereitstellung (falls kein Vertrag abgeschlossen wird).<\/li>&#13;\n<\/ul><\/td><\/tr><\/tbody><\/table><\/figure>\n\n<h2 class=\"wp-block-heading\" id=\"h-obbligatorieta-del-conferimento-dei-dati\">Verpflichtung zur Bereitstellung von Daten<\/h2>\n\n<figure class=\"wp-block-table\"><table class=\"has-fixed-layout\"><tbody><tr><td><strong>Das angeforderte Angebot abgeben<\/strong><\/td><td>Die Bereitstellung der Daten ist erforderlich. Andernfalls k\u00f6nnen wir das angeforderte Angebot nicht erstellen.<\/td><\/tr><\/tbody><\/table><\/figure>\n\n<h2 class=\"wp-block-heading\" id=\"h-destinatari-dei-dati\">Empf\u00e4nger der Daten<\/h2>\n\n<figure class=\"wp-block-table\"><table class=\"has-fixed-layout\"><tbody><tr><td><strong>Die zur Verarbeitung berechtigten Personen<\/strong><\/td><td>Im Rahmen der oben genannten Verarbeitungszwecke k\u00f6nnen die Daten an ausdr\u00fccklich befugtes und f\u00fcr die Verarbeitung geschultes internes Personal weitergegeben werden.<\/td><\/tr><tr><td><strong>Auftragsverarbeiter<\/strong><\/td><td>Im Rahmen der oben genannten Verarbeitungszwecke k\u00f6nnen die Daten an Dienstleister, die f\u00fcr die Verarbeitung erforderlich sind, weitergegeben werden. Diese wurden als Auftragsverarbeiter benannt und entsprechend angewiesen, darunter beispielsweise:&#13;\n<ul>&#13;\n \t<li>der Anbieter des E-Mail-Dienstes;<\/li>&#13;\n \t<li>der Anbieter der Webagentur-Dienstleistungen.<\/li>&#13;\n<\/ul><\/td><\/tr><tr><td><strong>Verantwortliche<\/strong><\/td><td>Die Daten k\u00f6nnen nach Ma\u00dfgabe der geltenden Rechtsvorschriften an \u00f6ffentliche Stellen weitergegeben werden. <\/td><\/tr><\/tbody><\/table><\/figure>\n\n<h2 class=\"wp-block-heading\" id=\"h-diffusione-e-trasferimento-dei-dati\">Verbreitung und \u00dcbermittlung von Daten<\/h2>\n\n<figure class=\"wp-block-table\"><table class=\"has-fixed-layout\"><tbody><tr><td><strong>Verbreitung von Daten<\/strong><\/td><td>Es findet keine Verbreitung der Daten statt. <\/td><\/tr><tr><td><strong>\u00dcbermittlung au\u00dferhalb der EU<\/strong><\/td><td>Es werden keine Daten in au\u00dfereurop\u00e4ische L\u00e4nder \u00fcbermittelt. <\/td><\/tr><\/tbody><\/table><\/figure>\n\n<h2 class=\"wp-block-heading\" id=\"h-diritti-degli-interessati-al-trattamento-di-dati-personali\">Rechte der betroffenen Personen bei der Verarbeitung personenbezogener Daten<\/h2>\n\n<figure class=\"wp-block-table\"><table class=\"has-fixed-layout\"><tbody><tr><td><strong>Auskunftsrecht<\/strong> (Art. 15 DSGVO)<\/td><td>Sie k\u00f6nnen eine Best\u00e4tigung dar\u00fcber verlangen, ob Sie betreffende Daten verarbeitet werden oder nicht, sowie weitere Erl\u00e4uterungen zu den in dieser Mitteilung enthaltenen Informationen und die Herausgabe der Daten selbst, es sei denn, die Herausgabe w\u00fcrde die Rechte und Freiheiten anderer verletzen. <\/td><\/tr><tr><td><strong>Recht auf Berichtigung\u00a0<\/strong>(Art. 16 DSGVO)<\/td><td>Sie k\u00f6nnen uns auffordern, die von Ihnen zur Verf\u00fcgung gestellten oder anderweitig in unserem Besitz befindlichen Daten zu berichtigen oder zu erg\u00e4nzen, wenn sie unzutreffend sind. <\/td><\/tr><tr><td><strong>Recht auf L\u00f6schung <\/strong>(Art. 17 DSGVO)<\/td><td>Sie k\u00f6nnen verlangen, dass die erhobenen oder verarbeiteten Daten gel\u00f6scht werden. <\/td><\/tr><tr><td><strong>Recht auf Einschr\u00e4nkung<\/strong>\u00a0(Art. 18 DSGVO)<\/td><td>Sie k\u00f6nnen die Einschr\u00e4nkung der Verarbeitung personenbezogener Daten beantragen; in diesem Fall werden die Daten, abgesehen von der Speicherung, nicht ohne Ihre Zustimmung verarbeitet, es sei denn, dies ist in demselben Artikel in Absatz 2 ausdr\u00fccklich vorgesehen. <\/td><\/tr><tr><td><strong>Recht auf Daten\u00fcbertragbarkeit<\/strong>\u00a0(Art. 20 DSGVO)<\/td><td>Sie k\u00f6nnen beantragen, die Daten in einem strukturierten, g\u00e4ngigen und maschinenlesbaren Format zu erhalten oder sie an einen anderen namentlich genannten f\u00fcr die Datenverarbeitung Verantwortlichen zu \u00fcbermitteln. <\/td><\/tr><tr><td><strong>Widerspruchsrecht<\/strong>\u00a0(Art. 21 DSGVO)<\/td><td>Sie k\u00f6nnen der Verarbeitung Ihrer Daten auf der Grundlage eines berechtigten Interesses jederzeit widersprechen, es sei denn, es liegen berechtigte Gr\u00fcnde f\u00fcr die Verarbeitung vor, die Ihre Rechte \u00fcberwiegen, z. B. zur Aus\u00fcbung oder Verteidigung unserer Rechte vor Gericht; der Widerspruch hat stets Vorrang vor unserem berechtigten Interesse an der Verarbeitung der Daten zu Marketingzwecken. <\/td><\/tr><tr><td><strong>Automatisierte Entscheidungen im Einzelfall<\/strong>\u00a0(Art. 22 DSGVO)<\/td><td>Sie k\u00f6nnen beantragen, nicht einer automatisierten Entscheidungsfindung oder gar einem Profiling unterworfen zu werden. <\/td><\/tr><\/tbody><\/table><\/figure>\n\n<h2 class=\"wp-block-heading\" id=\"h-reclamo-all-autorita-di-controllo\">Beschwerde bei einer Aufsichtsbeh\u00f6rde<\/h2>\n\n<figure class=\"wp-block-table\"><table class=\"has-fixed-layout\"><tbody><tr><td><strong>Recht auf Beschwerde<\/strong> (Art. 77 DSGVO)<\/td><td colspan=\"2\">Sie k\u00f6nnen eine Beschwerde bei der Aufsichtsbeh\u00f6rde des Mitgliedstaats einreichen, in dem Sie Ihren gew\u00f6hnlichen Aufenthalt haben, arbeiten oder in dem der mutma\u00dfliche Versto\u00df stattgefunden hat. <\/td><\/tr><tr><td><strong>Italienische Aufsichtsbeh\u00f6rde<\/strong><\/td><td colspan=\"2\">Datenschutzbeauftragten<\/td><\/tr><tr><td><strong>Anschrift und E-Mail-Adresse<\/strong><\/td><td>Piazza Venezia, 11 \u2013 00187 Rom (RM)\u00a0<\/td><td><a href=\"mailto:protocollo@pec.gdpd.it\" target=\"_blank\" rel=\"noreferrer noopener\">protocollo@pec.gdpd.it<\/a><em>\u00a0<\/em><\/td><\/tr><\/tbody><\/table><\/figure>\n\n<h2 class=\"wp-block-heading\" id=\"h-processo-decisionale-automatizzato-compresa-la-profilazione\">Automatisierte Entscheidungsfindung einschlie\u00dflich Profiling<\/h2>\n\n<figure class=\"wp-block-table\"><table class=\"has-fixed-layout\"><tbody><tr><td><strong>Das angeforderte Angebot abgeben<\/strong><\/td><td>Es gibt keine automatisierten Entscheidungsfindungen, einschlie\u00dflich Profiling. <\/td><\/tr><\/tbody><\/table><\/figure>\n\n<p><\/p>\n","protected":false},"excerpt":{"rendered":"<p>Informationen gem\u00e4\u00df Art. 13 der Datenschutz-Grundverordnung (DSGVO) Verantwortlicher Firmenname Dr. Arletti Alessandro Firmensitz Corso Cavour, 38 \u2013 41121 Modena (MO)\u00a0 Telefonnummer und E-Mail-Adresse +39 02 30456361\u00a0 info@arlettipartners.com Datenschutzbeauftragter rpd@formulaprivacy.it Zweck [&hellip;]<\/p>\n","protected":false},"author":1,"featured_media":0,"parent":0,"menu_order":0,"comment_status":"closed","ping_status":"closed","template":"","meta":{"_acf_changed":false,"footnotes":""},"country":[],"container":[],"class_list":["post-187270","page","type-page","status-publish","hentry"],"acf":[],"yoast_head":"<!-- This site is optimized with the Yoast SEO Premium plugin v27.3 (Yoast SEO v27.4) - https:\/\/yoast.com\/product\/yoast-seo-premium-wordpress\/ -->\n<title>Datenschutzerkl\u00e4rung - Form &quot;Angebot erhalten&quot; - Arletti Partners<\/title>\n<meta name=\"robots\" content=\"noindex, nofollow\" \/>\n<meta property=\"og:locale\" content=\"de_DE\" \/>\n<meta property=\"og:type\" content=\"article\" \/>\n<meta property=\"og:title\" content=\"Datenschutzerkl\u00e4rung - Form &quot;Angebot erhalten&quot;\" \/>\n<meta property=\"og:description\" content=\"Informationen gem\u00e4\u00df Art. 13 der Datenschutz-Grundverordnung (DSGVO) Verantwortlicher FirmennameDr. Arletti AlessandroFirmensitzCorso Cavour, 38 \u2013 41121\" \/>\n<meta property=\"og:url\" content=\"https:\/\/arlettipartners.com\/de\/datenschutzerklaerung-form-angebot-erhalten\/\" \/>\n<meta property=\"og:site_name\" content=\"Arletti Partners\" \/>\n<meta property=\"article:publisher\" content=\"https:\/\/www.facebook.com\/ArlettiPartners\" \/>\n<meta property=\"article:modified_time\" content=\"2025-01-29T11:08:12+00:00\" \/>\n<meta name=\"twitter:card\" content=\"summary_large_image\" \/>\n<meta name=\"twitter:label1\" content=\"Gesch\u00e4tzte Lesezeit\" \/>\n\t<meta name=\"twitter:data1\" content=\"3\u00a0Minuten\" \/>\n<script type=\"application\/ld+json\" class=\"yoast-schema-graph\">{\"@context\":\"https:\\\/\\\/schema.org\",\"@graph\":[{\"@type\":\"WebPage\",\"@id\":\"https:\\\/\\\/arlettipartners.com\\\/de\\\/datenschutzerklaerung-form-angebot-erhalten\\\/\",\"url\":\"https:\\\/\\\/arlettipartners.com\\\/de\\\/datenschutzerklaerung-form-angebot-erhalten\\\/\",\"name\":\"Datenschutzerkl\u00e4rung - Form \\\"Angebot erhalten\\\" - Arletti Partners\",\"isPartOf\":{\"@id\":\"https:\\\/\\\/arlettipartners.com\\\/de\\\/#website\"},\"datePublished\":\"2025-01-28T10:41:30+00:00\",\"dateModified\":\"2025-01-29T11:08:12+00:00\",\"breadcrumb\":{\"@id\":\"https:\\\/\\\/arlettipartners.com\\\/de\\\/datenschutzerklaerung-form-angebot-erhalten\\\/#breadcrumb\"},\"inLanguage\":\"de\",\"potentialAction\":[{\"@type\":\"ReadAction\",\"target\":[\"https:\\\/\\\/arlettipartners.com\\\/de\\\/datenschutzerklaerung-form-angebot-erhalten\\\/\"]}]},{\"@type\":\"BreadcrumbList\",\"@id\":\"https:\\\/\\\/arlettipartners.com\\\/de\\\/datenschutzerklaerung-form-angebot-erhalten\\\/#breadcrumb\",\"itemListElement\":[{\"@type\":\"ListItem\",\"position\":1,\"name\":\"Home\",\"item\":\"https:\\\/\\\/arlettipartners.com\\\/de\\\/\"},{\"@type\":\"ListItem\",\"position\":2,\"name\":\"Datenschutzerkl\u00e4rung &#8211; Form &#8220;Angebot erhalten&#8221;\"}]},{\"@type\":\"WebSite\",\"@id\":\"https:\\\/\\\/arlettipartners.com\\\/de\\\/#website\",\"url\":\"https:\\\/\\\/arlettipartners.com\\\/de\\\/\",\"name\":\"Arletti Partners\",\"description\":\"Tax Advisors and Global Mobility Specialists\",\"publisher\":{\"@id\":\"https:\\\/\\\/arlettipartners.com\\\/de\\\/#organization\"},\"potentialAction\":[{\"@type\":\"SearchAction\",\"target\":{\"@type\":\"EntryPoint\",\"urlTemplate\":\"https:\\\/\\\/arlettipartners.com\\\/de\\\/?s={search_term_string}\"},\"query-input\":{\"@type\":\"PropertyValueSpecification\",\"valueRequired\":true,\"valueName\":\"search_term_string\"}}],\"inLanguage\":\"de\"},{\"@type\":\"Organization\",\"@id\":\"https:\\\/\\\/arlettipartners.com\\\/de\\\/#organization\",\"name\":\"Arletti & Partners\",\"url\":\"https:\\\/\\\/arlettipartners.com\\\/de\\\/\",\"logo\":{\"@type\":\"ImageObject\",\"inLanguage\":\"de\",\"@id\":\"https:\\\/\\\/arlettipartners.com\\\/de\\\/#\\\/schema\\\/logo\\\/image\\\/\",\"url\":\"https:\\\/\\\/arlettipartners.com\\\/wp-content\\\/uploads\\\/2022\\\/03\\\/logo.png.nuovo_.nero_.png\",\"contentUrl\":\"https:\\\/\\\/arlettipartners.com\\\/wp-content\\\/uploads\\\/2022\\\/03\\\/logo.png.nuovo_.nero_.png\",\"width\":150,\"height\":32,\"caption\":\"Arletti & Partners\"},\"image\":{\"@id\":\"https:\\\/\\\/arlettipartners.com\\\/de\\\/#\\\/schema\\\/logo\\\/image\\\/\"},\"sameAs\":[\"https:\\\/\\\/www.facebook.com\\\/ArlettiPartners\",\"https:\\\/\\\/www.linkedin.com\\\/company\\\/aampp---arletti-amp-partners\\\/\"]}]}<\/script>\n<!-- \/ Yoast SEO Premium plugin. -->","yoast_head_json":{"title":"Datenschutzerkl\u00e4rung - Form \"Angebot erhalten\" - Arletti Partners","robots":{"index":"noindex","follow":"nofollow"},"og_locale":"de_DE","og_type":"article","og_title":"Datenschutzerkl\u00e4rung - Form \"Angebot erhalten\"","og_description":"Informationen gem\u00e4\u00df Art. 13 der Datenschutz-Grundverordnung (DSGVO) Verantwortlicher FirmennameDr. Arletti AlessandroFirmensitzCorso Cavour, 38 \u2013 41121","og_url":"https:\/\/arlettipartners.com\/de\/datenschutzerklaerung-form-angebot-erhalten\/","og_site_name":"Arletti Partners","article_publisher":"https:\/\/www.facebook.com\/ArlettiPartners","article_modified_time":"2025-01-29T11:08:12+00:00","twitter_card":"summary_large_image","twitter_misc":{"Gesch\u00e4tzte Lesezeit":"3\u00a0Minuten"},"schema":{"@context":"https:\/\/schema.org","@graph":[{"@type":"WebPage","@id":"https:\/\/arlettipartners.com\/de\/datenschutzerklaerung-form-angebot-erhalten\/","url":"https:\/\/arlettipartners.com\/de\/datenschutzerklaerung-form-angebot-erhalten\/","name":"Datenschutzerkl\u00e4rung - Form \"Angebot erhalten\" - Arletti Partners","isPartOf":{"@id":"https:\/\/arlettipartners.com\/de\/#website"},"datePublished":"2025-01-28T10:41:30+00:00","dateModified":"2025-01-29T11:08:12+00:00","breadcrumb":{"@id":"https:\/\/arlettipartners.com\/de\/datenschutzerklaerung-form-angebot-erhalten\/#breadcrumb"},"inLanguage":"de","potentialAction":[{"@type":"ReadAction","target":["https:\/\/arlettipartners.com\/de\/datenschutzerklaerung-form-angebot-erhalten\/"]}]},{"@type":"BreadcrumbList","@id":"https:\/\/arlettipartners.com\/de\/datenschutzerklaerung-form-angebot-erhalten\/#breadcrumb","itemListElement":[{"@type":"ListItem","position":1,"name":"Home","item":"https:\/\/arlettipartners.com\/de\/"},{"@type":"ListItem","position":2,"name":"Datenschutzerkl\u00e4rung &#8211; Form &#8220;Angebot erhalten&#8221;"}]},{"@type":"WebSite","@id":"https:\/\/arlettipartners.com\/de\/#website","url":"https:\/\/arlettipartners.com\/de\/","name":"Arletti Partners","description":"Tax Advisors and Global Mobility Specialists","publisher":{"@id":"https:\/\/arlettipartners.com\/de\/#organization"},"potentialAction":[{"@type":"SearchAction","target":{"@type":"EntryPoint","urlTemplate":"https:\/\/arlettipartners.com\/de\/?s={search_term_string}"},"query-input":{"@type":"PropertyValueSpecification","valueRequired":true,"valueName":"search_term_string"}}],"inLanguage":"de"},{"@type":"Organization","@id":"https:\/\/arlettipartners.com\/de\/#organization","name":"Arletti & Partners","url":"https:\/\/arlettipartners.com\/de\/","logo":{"@type":"ImageObject","inLanguage":"de","@id":"https:\/\/arlettipartners.com\/de\/#\/schema\/logo\/image\/","url":"https:\/\/arlettipartners.com\/wp-content\/uploads\/2022\/03\/logo.png.nuovo_.nero_.png","contentUrl":"https:\/\/arlettipartners.com\/wp-content\/uploads\/2022\/03\/logo.png.nuovo_.nero_.png","width":150,"height":32,"caption":"Arletti & Partners"},"image":{"@id":"https:\/\/arlettipartners.com\/de\/#\/schema\/logo\/image\/"},"sameAs":["https:\/\/www.facebook.com\/ArlettiPartners","https:\/\/www.linkedin.com\/company\/aampp---arletti-amp-partners\/"]}]}},"_links":{"self":[{"href":"https:\/\/arlettipartners.com\/de\/wp-json\/wp\/v2\/pages\/187270","targetHints":{"allow":["GET"]}}],"collection":[{"href":"https:\/\/arlettipartners.com\/de\/wp-json\/wp\/v2\/pages"}],"about":[{"href":"https:\/\/arlettipartners.com\/de\/wp-json\/wp\/v2\/types\/page"}],"author":[{"embeddable":true,"href":"https:\/\/arlettipartners.com\/de\/wp-json\/wp\/v2\/users\/1"}],"replies":[{"embeddable":true,"href":"https:\/\/arlettipartners.com\/de\/wp-json\/wp\/v2\/comments?post=187270"}],"version-history":[{"count":0,"href":"https:\/\/arlettipartners.com\/de\/wp-json\/wp\/v2\/pages\/187270\/revisions"}],"wp:attachment":[{"href":"https:\/\/arlettipartners.com\/de\/wp-json\/wp\/v2\/media?parent=187270"}],"wp:term":[{"taxonomy":"country","embeddable":true,"href":"https:\/\/arlettipartners.com\/de\/wp-json\/wp\/v2\/country?post=187270"},{"taxonomy":"container","embeddable":true,"href":"https:\/\/arlettipartners.com\/de\/wp-json\/wp\/v2\/container?post=187270"}],"curies":[{"name":"wp","href":"https:\/\/api.w.org\/{rel}","templated":true}]}}